{"id":5556,"date":"2017-08-08T10:06:52","date_gmt":"2017-08-08T10:06:52","guid":{"rendered":"http:\/\/wpdemos.themezaa.com\/pofo\/?page_id=5556"},"modified":"2019-11-08T11:40:04","modified_gmt":"2019-11-08T11:40:04","slug":"over-ons","status":"publish","type":"page","link":"https:\/\/makrache-octoplus.com\/index.php\/en\/over-ons\/","title":{"rendered":"Over Makrache"},"content":{"rendered":"<div class=\"wpb-content-wrapper\"><section data-vc-full-width=\"true\" data-vc-full-width-init=\"false\" data-vc-stretch-content=\"true\" class=\"vc_row wpb_row vc_row-fluid  vc_custom_1567407655083 vc_row-has-fill pofo-stretch-content vc_row-no-padding\"><div class=\"wpb_column vc_column_container vc_col-sm-12  col-xs-mobile-fullwidth\"><div class=\"vc_column-inner \"><div class=\"wpb_wrapper\">\t\t<div style=\"width:800px;height:300px;margin-bottom:10px;margin:0px auto;\">\r\n\t\t\t<div style=\"margin: auto; line-height: 40px; font-size: 14px; color: #FFF; padding: 15px; background: #E74C3C; margin: 20px 0px;\">\r\n\t\t\t\tRevolution Slider Error: The param <strong>Slider Width<\/strong> should not be empty.\t\t\t<\/div>\r\n\t\t<\/div>\r\n\t\t<script type=\"text\/javascript\">\r\n\t\t\tjQuery(document).ready(function(){\r\n\t\t\t\tjQuery(\".rev_slider\").show();\r\n\t\t\t});\r\n\t\t<\/script>\r\n\t\t<\/div><\/div><\/div><\/section><div class=\"vc_row-full-width vc_clearfix\"><\/div><section data-vc-full-width=\"true\" data-vc-full-width-init=\"false\" data-vc-stretch-content=\"true\" class=\"vc_row wpb_row vc_row-fluid  vc_custom_1567407598189 wow fadeIn vc_row-has-fill pofo-stretch-content vc_row-o-equal-height vc_row-o-content-middle vc_row-flex\"><div class=\"wpb_column vc_column_container vc_col-has-fill vc_col-sm-12 vc_col-lg-6 vc_col-md-6 vc_col-xs-12 wow fadeInLeft pofo-column-responsive-69dad366dc58d\"><div class=\"vc_column-inner cover-background bg-position-center-center vc_custom_1565845350312\"><div class=\"wpb_wrapper\"><\/div><\/div><\/div><div class=\"wpb_column vc_column_container vc_col-sm-12 vc_col-lg-6 vc_col-md-6 vc_col-xs-12 wow fadeInRight text-center md-text-center sm-text-center xs-text-center\"><div class=\"vc_column-inner \"><div class=\"wpb_wrapper\"><div class=\"vc_row wpb_row vc_inner vc_row-fluid  vc_custom_1565845388111 vc_row-o-content-middle vc_row-flex pofo-inner-row-responsive-69dad366dc66a\"><div class=\"wpb_column vc_column_container  col-xs-mobile-fullwidth pofo-column-responsive-69dad366dc6eb\"><div class=\"vc_column-inner \"><div class=\"wpb_wrapper\"><h5 class=\"text-extra-dark-gray margin-20px-bottom font-weight-600 display-inline-block alt-font text-uppercase heading-style2  vc_custom_1565844563579 pofo-button-responsive-69dad366dc771  heading-1\"  style=\"font-weight: 700;\">Over Makrache Octoplus<\/h5><\/div><\/div><\/div><\/div><div class=\" vc_custom_1566302939473 last-paragraph-no-margin pofo-text-block-responsive-69dad366dc7a0\" style=\"width: 90%;\"><p style=\"text-align: center;\">Makrache Octoplus &#8211; gevestigd is F\u00e8s &#8211; bestaat uit een team van gedreven customer service professionals, met jaren ervaring in de sector. Met praktijkervaring in heel wat grote bedrijven in de achterzak, werd besloten in 2019 zelf een eigen onderneming op te starten.<\/p>\n<p style=\"text-align: center;\">Bij Makrache Octoplus mag je rekenen op een persoonlijke aanpak, trainingen op maat en betaalbare aanpak. De workshops en trainingen zijn doordacht, leveren rendement op en zijn op maat van de noden van de hedendaagse customer service medewerkers.<\/p>\n<p style=\"text-align: center;\">Een glasheldere en open communicatie, transparante tarieven en een hoge mate van betrouwbaarheid, zijn maar enkele waarden van Octoplus Makrache.<\/p>\n<p style=\"text-align: center;\">Meer weten over Makrache Octoplus, het team of de skills die we in huis hebben? Geef ons een seintje!<\/p>\n<\/div><\/div><\/div><\/div><\/section><div class=\"vc_row-full-width vc_clearfix\"><\/div><section data-vc-full-width=\"true\" data-vc-full-width-init=\"false\" data-vc-stretch-content=\"true\" class=\"vc_row wpb_row vc_row-fluid  vc_custom_1566303134525 wow fadeIn vc_row-has-fill pofo-stretch-content vc_row-o-equal-height vc_row-o-content-middle vc_row-flex\"><div class=\"wpb_column vc_column_container vc_col-has-fill vc_col-sm-12 vc_col-lg-6 vc_col-md-6 vc_col-xs-12 wow fadeInLeft pofo-column-responsive-69dad366dc86b\"><div class=\"vc_column-inner cover-background bg-position-center-center vc_custom_1566302895485\"><div class=\"wpb_wrapper\"><div class=\"vc_row wpb_row vc_inner vc_row-fluid  vc_custom_1565845388111 vc_row-o-content-middle vc_row-flex pofo-inner-row-responsive-69dad366dc8b7\"><div class=\"wpb_column vc_column_container  col-xs-mobile-fullwidth text-center md-text-center sm-text-center xs-text-center pofo-column-responsive-69dad366dc949\"><div class=\"vc_column-inner \"><div class=\"wpb_wrapper\"><h5 class=\"text-extra-dark-gray margin-20px-bottom font-weight-600 display-inline-block alt-font text-uppercase heading-style2  vc_custom_1566302913938 pofo-button-responsive-69dad366dc9d7  heading-2\"  style=\"font-weight: 700;\">Mensen op de eerste plaats<\/h5><div class=\" vc_custom_1566303033500 last-paragraph-no-margin pofo-text-block-responsive-69dad366dc9f7\" style=\"width: 90%;\"><p style=\"text-align: center;\">Bij Makrache Octoplus staan mensen centraal. We geloven sterk in diversiteit, creativiteit en zelf-sturende teams.<\/p>\n<p style=\"text-align: center;\">Onze eigen coaches en trainers hebben dan ook een grote autonomie en vrijheid om in te spelen op de noden van uw bedrijf.<\/p>\n<\/div><\/div><\/div><\/div><\/div><\/div><\/div><\/div><div class=\"wpb_column vc_column_container vc_col-has-fill vc_col-sm-12 vc_col-lg-6 vc_col-md-6 vc_col-xs-12 wow fadeInRight text-center md-text-center sm-text-center xs-text-center\"><div class=\"vc_column-inner fix-background bg-position-center-bottom vc_custom_1566303209052\"><div class=\"wpb_wrapper\"><\/div><\/div><\/div><\/section><div class=\"vc_row-full-width vc_clearfix\"><\/div><section data-vc-full-width=\"true\" data-vc-full-width-init=\"false\" class=\"vc_row wpb_row vc_row-fluid   pofo-stretch-content pofo-stretch-row-container\"><div class=\"wpb_column vc_column_container vc_col-sm-6 vc_col-md-3 vc_col-xs-12 wow fadeInUp text-center pofo-column-responsive-69dad366dcafa\"><div class=\"vc_column-inner \"><div class=\"wpb_wrapper\"><div class=\"counter-style counter-style1 counter-feature-box-1 border-all display-table width-100 padding-5px-all counter-style1-1\" style=\"border: none; \"><div class=\"counter-box display-table-cell vertical-align-middle bg-white\" style=\"\"><i class=\"margin-15px-bottom text-medium-gray link-icon  icon-heart icon-medium\"><\/i><h6 data-postfix=\"\" data-to=\"24\" data-speed=\"2000\" class=\"display-block font-weight-500 text-extra-dark-gray no-margin-bottom timer alt-font\"  style=\"font-weight: 600;\">24<\/h6><span class=\"\">Tevreden klanten<\/span><\/div><\/div><\/div><\/div><\/div><div class=\"wpb_column vc_column_container vc_col-sm-6 vc_col-md-3 vc_col-xs-12 wow fadeInUp text-center pofo-column-responsive-69dad366dcb8b\" data-wow-delay= 200ms><div class=\"vc_column-inner \"><div class=\"wpb_wrapper\"><div class=\"counter-style counter-style1 counter-feature-box-1 border-all display-table width-100 padding-5px-all counter-style1-2\" style=\"border: none; \"><div class=\"counter-box display-table-cell vertical-align-middle bg-white\" style=\"\"><i class=\"margin-15px-bottom text-medium-gray link-icon  icon-laptop icon-medium\"><\/i><h6 data-postfix=\"\" data-to=\"79\" data-speed=\"2000\" class=\"display-block font-weight-500 text-extra-dark-gray no-margin-bottom timer alt-font\"  style=\"font-weight: 600;\">79<\/h6><span class=\"\">Afgeronde opleidingen<\/span><\/div><\/div><\/div><\/div><\/div><div class=\"wpb_column vc_column_container vc_col-sm-6 vc_col-md-3 vc_col-xs-12 wow fadeInUp text-center pofo-column-responsive-69dad366dcbf5\" data-wow-delay= 400ms><div class=\"vc_column-inner \"><div class=\"wpb_wrapper\"><div class=\"wow none counter-style counter-style1 counter-feature-box-1 border-all display-table width-100 padding-5px-all counter-style1-3\" style=\"border: none; \"><div class=\"counter-box display-table-cell vertical-align-middle bg-white\" style=\"\"><i class=\"margin-15px-bottom text-medium-gray link-icon  fas fa-arrow-up icon-medium\"><\/i><h6 data-postfix=\"\" data-to=\"22%\" data-speed=\"2000\" class=\"display-block font-weight-500 text-extra-dark-gray no-margin-bottom timer alt-font\"  style=\"font-weight: 600;\">22%<\/h6><span class=\"\">Gemiddelde effici\u00ebntiewinst<\/span><\/div><\/div><\/div><\/div><\/div><div class=\"wpb_column vc_column_container vc_col-sm-6 vc_col-md-3 vc_col-xs-12 wow fadeInUp text-center\" data-wow-delay= 600ms><div class=\"vc_column-inner \"><div class=\"wpb_wrapper\"><div class=\"counter-style counter-style1 counter-feature-box-1 border-all display-table width-100 padding-5px-all counter-style1-4\" style=\"border: none; \"><div class=\"counter-box display-table-cell vertical-align-middle bg-white\" style=\"\"><i class=\"margin-15px-bottom text-medium-gray link-icon  icon-chat icon-medium\"><\/i><h6 data-postfix=\"\" data-to=\"36\" data-speed=\"2000\" class=\"display-block font-weight-500 text-extra-dark-gray no-margin-bottom timer alt-font\"  style=\"font-weight: 600;\">36<\/h6><span class=\"\">Individuele coachingstrajecten<\/span><\/div><\/div><\/div><\/div><\/div><\/section><div class=\"vc_row-full-width vc_clearfix\"><\/div><section data-vc-full-width=\"true\" data-vc-full-width-init=\"false\" data-vc-stretch-content=\"true\" data-stellar-background-ratio=\"0.2\" class=\"vc_row wpb_row vc_row-fluid  vc_custom_1565845660933 wow fadeIn vc_row-has-fill pofo-stretch-content vc_row-no-padding vc_row-o-content-middle vc_row-flex parallax pofo-row-responsive-69dad366dccc4\" style=\"min-height: 800px;\"><div class=\"bg-extra-dark-gray bg-overlay\" style=\"opacity:0.8; background-color:#0a0a0a; \"><\/div><div class=\"wpb_column vc_column_container vc_col-sm-12  col-xs-mobile-fullwidth\"><div class=\"vc_column-inner \"><div class=\"wpb_wrapper\"><div class=\"vc_row wpb_row vc_inner vc_row-fluid   vc_row-o-content-middle vc_row-flex\"><div class=\"wpb_column vc_column_container vc_col-sm-12  col-xs-mobile-fullwidth text-center md-text-center sm-text-center xs-text-center\"><div class=\"vc_column-inner \"><div class=\"wpb_wrapper\"><div class=\"blockquote-style-3\"><div class=\"bg-deep-pink text-center md-width-70 xs-width-85 padding-50px-all xs-padding-45px-tb xs-padding-25px-lr block-4 width-50 absolute-middle-center z-index-5\" style=\"background-color: #9e7916;\"><h6 class=\"font-weight-300 no-margin-bottom text-white\">Makrache Octoplus, dat is meer dan 25 jaar Customer Service ervaring in \u00e9\u00e9n bedrijf<\/h6><\/div><\/div><\/div><\/div><\/div><\/div><\/div><\/div><\/div><\/section><div class=\"vc_row-full-width vc_clearfix\"><\/div><section data-vc-full-width=\"true\" data-vc-full-width-init=\"false\" class=\"vc_row wpb_row vc_row-fluid  vc_custom_1507547404553 wow fadeIn vc_row-has-fill pofo-stretch-content pofo-stretch-row-container vc_row-o-equal-height vc_row-o-content-middle vc_row-flex\"><div class=\"wpb_column vc_column_container vc_col-sm-12 vc_col-md-5 col-xs-mobile-fullwidth sm-text-center pofo-column-responsive-69dad366dcf18\"><div class=\"vc_column-inner \"><div class=\"wpb_wrapper\"><div class=\"last-paragraph-no-margin\"><div class=\"fa fa-quote-left text-deep-pink icon-medium margin-15px-bottom\"><\/div>\n<\/div><h5 class=\"text-extra-dark-gray margin-20px-bottom font-weight-600 display-inline-block alt-font text-uppercase heading-style2  heading-3\"  style=\"font-weight: 700;\">Getrainde en gecoachte medewerkers presteren maar liefst 33% beter dan andere collega's<\/h5><div class=\" vc_custom_1565844216768 last-paragraph-no-margin pofo-text-block-responsive-69dad366dcf93\" style=\"width: 90%;\"><p>Wist je dat gecoachte en getrainde medewerkers significant beter presteren dan anderen? Door te kiezen voor Makrache Octoplus train je de skills van je customer support medewerkers, verhoog je de klantentevredenheid en behoud je je beste medewerkers. Een investering die loont.<\/p>\n<\/div><\/div><\/div><\/div><div class=\"wpb_column vc_column_container vc_col-sm-12 vc_col-md-offset-1 vc_col-md-6 col-xs-mobile-fullwidth text-center\"><div class=\"vc_column-inner \"><div class=\"wpb_wrapper\">[vc_single_image image=&#8221;20970&#8243; img_size=&#8221;full&#8221; alignment=&#8221;center&#8221;]<\/div><\/div><\/div><\/section><div class=\"vc_row-full-width vc_clearfix\"><\/div><section data-vc-full-width=\"true\" data-vc-full-width-init=\"false\" class=\"vc_row wpb_row vc_row-fluid   wow fadeIn pofo-stretch-content pofo-stretch-row-container\"><div class=\"wpb_column vc_column_container vc_col-sm-1 vc_col-lg-2 vc_col-md-2 vc_col-xs-12 vc_hidden-xs\"><div class=\"vc_column-inner \"><div class=\"wpb_wrapper\"><\/div><\/div><\/div><div class=\"wpb_column vc_column_container vc_col-sm-10 vc_col-lg-8 vc_col-md-8 vc_col-xs-12 text-center\"><div class=\"vc_column-inner \"><div class=\"wpb_wrapper\"><h5 class=\"text-extra-dark-gray margin-20px-bottom font-weight-600 display-inline-block alt-font text-uppercase heading-style2  vc_custom_1565843999592 pofo-button-responsive-69dad366dd143  heading-4\"  style=\"width: 80%;\">Met ons werken? Geef ons een seintje!<\/h5><a  href=\"http:\/\/makrache-octoplus.com\/index.php\/contacteer-ons\/\" target=\"_blank\" class=\"btn pofo-button-1  wow fadeInDown button-style7  btn-transparent-dark-gray btn-rounded  btn-medium \" >Contacteer ons<\/a><\/div><\/div><\/div><div class=\"wpb_column vc_column_container vc_col-sm-1 vc_col-lg-2 vc_col-md-2 vc_col-xs-12 vc_hidden-xs\"><div class=\"vc_column-inner \"><div class=\"wpb_wrapper\"><\/div><\/div><\/div><\/section><div class=\"vc_row-full-width vc_clearfix\"><\/div><section data-vc-full-width=\"true\" data-vc-full-width-init=\"false\" class=\"vc_row wpb_row vc_row-fluid   wow fadeIn pofo-stretch-content pofo-stretch-row-container\"><div class=\"wpb_column vc_column_container vc_col-sm-1 vc_col-lg-2 vc_col-md-2 vc_col-xs-12 vc_hidden-xs\"><div class=\"vc_column-inner \"><div class=\"wpb_wrapper\"><\/div><\/div><\/div><div class=\"wpb_column vc_column_container vc_col-sm-10 vc_col-lg-8 vc_col-md-8 vc_col-xs-12 text-center\"><div class=\"vc_column-inner \"><div class=\"wpb_wrapper\"><h5 class=\"text-extra-dark-gray margin-20px-bottom font-weight-600 display-inline-block alt-font text-uppercase heading-style2  vc_custom_1573135754196 pofo-button-responsive-69dad366dd2c5  heading-5\"  style=\"width: 80%;\">Onze partners<\/h5><div class=\"vc_row wpb_row vc_inner vc_row-fluid\"><div class=\"wpb_column vc_column_container vc_col-sm-3  col-xs-mobile-fullwidth\"><div class=\"vc_column-inner \"><div class=\"wpb_wrapper\"><\/div><\/div><\/div><div class=\"wpb_column vc_column_container vc_col-sm-3  col-xs-mobile-fullwidth\"><div class=\"vc_column-inner \"><div class=\"wpb_wrapper\">[vc_single_image image=&#8221;21087&#8243; img_size=&#8221;medium&#8221;]<\/div><\/div><\/div><div class=\"wpb_column vc_column_container vc_col-sm-3  col-xs-mobile-fullwidth\"><div class=\"vc_column-inner \"><div class=\"wpb_wrapper\">[vc_empty_space height=&#8221;35&#8243;][vc_single_image image=&#8221;21088&#8243; img_size=&#8221;&#8221;]<\/div><\/div><\/div><div class=\"wpb_column vc_column_container vc_col-sm-3  col-xs-mobile-fullwidth\"><div class=\"vc_column-inner \"><div class=\"wpb_wrapper\"><\/div><\/div><\/div><\/div><\/div><\/div><\/div><div class=\"wpb_column vc_column_container vc_col-sm-1 vc_col-lg-2 vc_col-md-2 vc_col-xs-12 vc_hidden-xs\"><div class=\"vc_column-inner \"><div class=\"wpb_wrapper\"><\/div><\/div><\/div><\/section><div class=\"vc_row-full-width vc_clearfix\"><\/div>\n<\/div>","protected":false},"excerpt":{"rendered":"Revolution Slider Error: The param Slider Width should not be empty. Over Makrache OctoplusMakrache Octoplus - gevestigd is F\u00e8s - bestaat uit een team van gedreven customer service professionals, met jaren ervaring in de sector. Met praktijkervaring in heel wat grote bedrijven in de achterzak, werd besloten in 2019 zelf een eigen onderneming op te starten. Bij Makrache Octoplus mag je rekenen op een persoonlijke aanpak, trainingen op maat en betaalbare aanpak. De workshops en trainingen zijn doordacht, leveren rendement op en zijn op maat van de noden van de hedendaagse customer service medewerkers. Een glasheldere en open communicatie, transparante tarieven en een hoge mate van betrouwbaarheid, zijn maar enkele waarden van Octoplus Makrache. Meer weten over Makrache Octoplus, het team of de skills die we in huis hebben? Geef ons een seintje! Mensen op de eerste plaatsBij Makrache Octoplus staan mensen centraal. We geloven sterk in diversiteit, creativiteit en zelf-sturende teams. Onze eigen coaches en trainers hebben dan ook een grote autonomie en vrijheid om in te spelen op de noden van uw bedrijf. 24Tevreden klanten79Afgeronde opleidingen22%Gemiddelde effici\u00ebntiewinst36Individuele coachingstrajectenMakrache Octoplus, dat is meer dan 25 jaar Customer Service ervaring in \u00e9\u00e9n bedrijf Getrainde en gecoachte medewerkers presteren maar liefst...","protected":false},"author":1,"featured_media":0,"parent":0,"menu_order":0,"comment_status":"closed","ping_status":"closed","template":"","meta":{"footnotes":""},"class_list":["post-5556","page","type-page","status-publish","hentry"],"_links":{"self":[{"href":"https:\/\/makrache-octoplus.com\/index.php\/wp-json\/wp\/v2\/pages\/5556","targetHints":{"allow":["GET"]}}],"collection":[{"href":"https:\/\/makrache-octoplus.com\/index.php\/wp-json\/wp\/v2\/pages"}],"about":[{"href":"https:\/\/makrache-octoplus.com\/index.php\/wp-json\/wp\/v2\/types\/page"}],"author":[{"embeddable":true,"href":"https:\/\/makrache-octoplus.com\/index.php\/wp-json\/wp\/v2\/users\/1"}],"replies":[{"embeddable":true,"href":"https:\/\/makrache-octoplus.com\/index.php\/wp-json\/wp\/v2\/comments?post=5556"}],"version-history":[{"count":10,"href":"https:\/\/makrache-octoplus.com\/index.php\/wp-json\/wp\/v2\/pages\/5556\/revisions"}],"predecessor-version":[{"id":21109,"href":"https:\/\/makrache-octoplus.com\/index.php\/wp-json\/wp\/v2\/pages\/5556\/revisions\/21109"}],"wp:attachment":[{"href":"https:\/\/makrache-octoplus.com\/index.php\/wp-json\/wp\/v2\/media?parent=5556"}],"curies":[{"name":"wp","href":"https:\/\/api.w.org\/{rel}","templated":true}]}}